{"id":52,"date":"2025-12-13T06:30:18","date_gmt":"2025-12-13T06:30:18","guid":{"rendered":"https:\/\/obrasmodernas.com.ar\/soluciones\/home\/"},"modified":"2025-12-16T03:33:32","modified_gmt":"2025-12-16T03:33:32","slug":"home","status":"publish","type":"page","link":"https:\/\/obrasmodernas.com.ar\/soluciones\/","title":{"rendered":"Inicio"},"content":{"rendered":"\n\n\n\n<h2>Caracter\u00edsticas de Nuestros Servicios<\/h2>\n<p>Descubre las caracter\u00edsticas que hacen que nuestras remodelaciones sean \u00fanicas y efectivas, optimizando cada inversi\u00f3n y realzando el valor de tu propiedad.<\/p>\n\nEstrategia para Generar Valor en el Inmueble\nAsesoramiento Financiero Profesional\nB\u00fasqueda del M\u00e1ximo Potencial del Inmueble\nM\u00e1ximo Valor de Reventa Posible\n\n\n\n\n<p>Trabajamos en conjunto con inmobiliarias y proveedores estrat\u00e9gicos para ofrecerte el mejor servicio y asesoramiento en cada etapa de tu proyecto.<\/p>\n<p>Nos esforzamos por tu satisfacci\u00f3n plena, ajustando cada proyecto a tus expectativas y asegurando resultados concretos.<\/p>\n\n\n<p>Nuestro equipo destaca por su capacidad de innovar y proponer soluciones creativas que se ajustan a las tendencias del mercado y a tus gustos personales.<\/p>\n<p>Facilitamos que te pongas en contacto con nosotros de manera simple y directa, para resolver tus inquietudes.<\/p>\n\n\n\n\n<p>Lorem Ipsum has been the industry&#8217;s standard dummy text ever since the 1500s.<\/p>\n\n\n\n<h2>Estilos de Alta Percepci\u00f3n de Valor<\/h2>\n<p>Aprendimos que la percepci\u00f3n, funcionalidad y eficiencia son las claves para conseguir aumentar el valor de un inmueble, generando un aumento de percepci\u00f3n de valor de la propiedad.<\/p>\n<p>Conocer el m\u00e1ximo potencial de un inmueble es vital para determinar el valor m\u00e1ximo econ\u00f3mico para un inmueble y asi dise\u00f1ar el plan de acci\u00f3n para la remodelaci\u00f3n\/refacci\u00f3n\/reciclado.<\/p>\n<p>Un Curb Appeal Inteligente es la clave para generar valor sin caer en altos costos o ca\u00edda de la calidad.<\/p>\n\n\n\n\n\n\n<h2>Nuestros Servicios<\/h2>\n\n\n<p>Las remodelaciones integrales de departamentos incluyen un an\u00e1lisis completo del espacio, dise\u00f1o moderno y ejecuci\u00f3n profesional, para transformarlo seg\u00fan tus expectativas y necesidades.<\/p>\n<p>Nuestro servicio de reciclado de casas busca optimizar cada rinc\u00f3n, respetando el dise\u00f1o original y mejor\u00e1ndolo con materiales durables y est\u00e9ticamente agradables.<\/p>\n<p>Realizamos reformas de cocinas y ba\u00f1os con un enfoque en la funcionalidad y el estilo, asegurando que cada proyecto cumpla con los m\u00e1s altos est\u00e1ndares de calidad y dise\u00f1o.<\/p>\n\n\n<p>Lorem Ipsum has been the industry&#8217;s standard dummy text ever since the 1500s.<\/p>\n\n\n<p>Nuestro servicio de obra llave en mano incluye desde el proyecto hasta la ejecuci\u00f3n final, ofreciendo un acompa\u00f1amiento total y transparencia en los costos y etapas del proceso.<\/p>\n<p>Brindamos asesoramiento en ingenier\u00eda financiera para ayudarte a maximizar la rentabilidad de tu inversi\u00f3n inmobiliaria y hacer que cada peso cuente. <\/p>\n<p>Ofrecemos un an\u00e1lisis detallado para que cada espacio en tu propiedad se use de manera eficiente, aumentando tanto su funcionalidad como su valor.<\/p>\n\n\n\n\n\n\n\n<h2>Nuestros Servicios<\/h2>\n\n\n<p>Nuestro enfoque de dise\u00f1o est\u00e1 centrado en la modernidad y funcionalidad, asegurando que todos los proyectos reflejen tanto estilo como practicidad.<\/p>\n\n\n<p>Te garantizamos una comunicaci\u00f3n clara sobre costos desde el inicio hasta la finalizaci\u00f3n del proyecto, sin sorpresas ni gastos ocultos.<\/p>\n\n\n<p>En Obras Modernas, nos comprometemos a cumplir con los plazos establecidos para que puedas disfrutar de tus renovaciones a tiempo.<\/p>\n\n\n\n\n\n\n<h3>Cont\u00e1ctanos Ahora<\/h3>\n<p>D\u00e9janos ayudarte a hacer realidad tus proyectos de remodelaci\u00f3n.<\/p>\n\n\n\n\n\n\n\n<h6>Testimonios de Clientes Satisfechos<\/h2>\n<h2>Lo Que Dicen Nuestros Clientes<\/h2>\n\n\n<p><div class=\"pagelayer-testimonial-author-details\" style=\"box-sizing: border-box; margin-top: 20px; color: rgb(72, 76, 77); font-family: Roboto; font-size: 16px; font-style: normal; font-variant-ligatures: normal; font-variant-caps: normal; font-weight: 400; letter-spacing: normal; orphans: 2; text-align: left; text-indent: 0px; text-transform: none; widows: 2; word-spacing: 0px; -webkit-text-stroke-width: 0px; white-space: normal; text-decoration-thickness: initial; text-decoration-style: initial; text-decoration-color: initial;\"><\/div><\/p><div class=\"pagelayer-testimonial-content\" style=\"box-sizing: border-box; color: rgb(72, 76, 77); font-family: Roboto; font-size: 16px; font-style: normal; font-variant-ligatures: normal; font-variant-caps: normal; font-weight: 400; letter-spacing: normal; orphans: 2; text-align: left; text-indent: 0px; text-transform: none; widows: 2; word-spacing: 0px; -webkit-text-stroke-width: 0px; white-space: normal; text-decoration-thickness: initial; text-decoration-style: initial; text-decoration-color: initial;\"><p style=\"box-sizing: border-box; margin: 1px 0px; font-family: Roboto; font-size: 16px; font-weight: 400; line-height: 1.6; color: rgb(72, 76, 77);\">Gracias a Lorena Giobellini, mi departamento ahora es un lugar incre\u00edble para vivir. &#8211; Mario Gonz\u00e1lez, Palermo<\/p><\/div>\n\n\n<p><div class=\"pagelayer-testimonial-author-details\" style=\"box-sizing: border-box; margin-top: 20px; color: rgb(72, 76, 77); font-family: Roboto; font-size: 16px; font-style: normal; font-variant-ligatures: normal; font-variant-caps: normal; font-weight: 400; letter-spacing: normal; orphans: 2; text-align: left; text-indent: 0px; text-transform: none; widows: 2; word-spacing: 0px; -webkit-text-stroke-width: 0px; white-space: normal; text-decoration-thickness: initial; text-decoration-style: initial; text-decoration-color: initial;\"><\/div><\/p><div class=\"pagelayer-testimonial-content\" style=\"box-sizing: border-box; color: rgb(72, 76, 77); font-family: Roboto; font-size: 16px; font-style: normal; font-variant-ligatures: normal; font-variant-caps: normal; font-weight: 400; letter-spacing: normal; orphans: 2; text-align: left; text-indent: 0px; text-transform: none; widows: 2; word-spacing: 0px; -webkit-text-stroke-width: 0px; white-space: normal; text-decoration-thickness: initial; text-decoration-style: initial; text-decoration-color: initial;\"><p style=\"box-sizing: border-box; margin: 1px 0px; font-family: Roboto; font-size: 16px; font-weight: 400; line-height: 1.6; color: rgb(72, 76, 77);\">Totalmente recomendables, cumplieron con cada uno de los plazos prometidos, estoy haciendo un gran negocio. &#8211; Juan P\u00e9rez, Belgrano<\/p><\/div>\n\n\n<p>Excelente servicio y resultados sorprendentes, mi casa ahora tiene un nuevo aire. &#8211; Luc\u00eda Mart\u00ednez, San Isidro<\/p>\n\n\n\n\n","protected":false},"excerpt":{"rendered":"","protected":false},"author":1,"featured_media":0,"parent":0,"menu_order":0,"comment_status":"closed","ping_status":"closed","template":"","meta":{"pagelayer_contact_templates":[],"_pagelayer_content":"","footnotes":""},"class_list":["post-52","page","type-page","status-publish","hentry"],"_links":{"self":[{"href":"https:\/\/obrasmodernas.com.ar\/soluciones\/wp-json\/wp\/v2\/pages\/52","targetHints":{"allow":["GET"]}}],"collection":[{"href":"https:\/\/obrasmodernas.com.ar\/soluciones\/wp-json\/wp\/v2\/pages"}],"about":[{"href":"https:\/\/obrasmodernas.com.ar\/soluciones\/wp-json\/wp\/v2\/types\/page"}],"author":[{"embeddable":true,"href":"https:\/\/obrasmodernas.com.ar\/soluciones\/wp-json\/wp\/v2\/users\/1"}],"replies":[{"embeddable":true,"href":"https:\/\/obrasmodernas.com.ar\/soluciones\/wp-json\/wp\/v2\/comments?post=52"}],"version-history":[{"count":19,"href":"https:\/\/obrasmodernas.com.ar\/soluciones\/wp-json\/wp\/v2\/pages\/52\/revisions"}],"predecessor-version":[{"id":123,"href":"https:\/\/obrasmodernas.com.ar\/soluciones\/wp-json\/wp\/v2\/pages\/52\/revisions\/123"}],"wp:attachment":[{"href":"https:\/\/obrasmodernas.com.ar\/soluciones\/wp-json\/wp\/v2\/media?parent=52"}],"curies":[{"name":"wp","href":"https:\/\/api.w.org\/{rel}","templated":true}]}}